{"id":89,"date":"2022-08-23T18:11:24","date_gmt":"2022-08-23T16:11:24","guid":{"rendered":"https:\/\/thaimassage-sielemann.de\/?page_id=89"},"modified":"2026-01-15T18:46:08","modified_gmt":"2026-01-15T17:46:08","slug":"home","status":"publish","type":"page","link":"https:\/\/thaimassage-sielemann.de\/","title":{"rendered":"Home"},"content":{"rendered":"<p>[et_pb_section fb_built=&#8220;1&#8243; admin_label=&#8220;section&#8220; _builder_version=&#8220;4.18.0&#8243; background_image=&#8220;http:\/\/thaimassage-sielemann.de\/wp-content\/uploads\/2022\/08\/Logo_Thai_Mio_final_kl.png&#8220; background_size=&#8220;contain&#8220; custom_padding=&#8220;||92px|||&#8220; global_colors_info=&#8220;{}&#8220;][et_pb_row admin_label=&#8220;row&#8220; _builder_version=&#8220;4.16&#8243; background_size=&#8220;initial&#8220; background_position=&#8220;top_left&#8220; background_repeat=&#8220;repeat&#8220; custom_padding=&#8220;17px|||||&#8220; global_colors_info=&#8220;{}&#8220;][et_pb_column type=&#8220;4_4&#8243; _builder_version=&#8220;4.16&#8243; custom_padding=&#8220;|||&#8220; global_colors_info=&#8220;{}&#8220; custom_padding__hover=&#8220;|||&#8220;][et_pb_text admin_label=&#8220;Text&#8220; _builder_version=&#8220;4.18.0&#8243; text_font=&#8220;Arial|600|||||||&#8220; text_font_size=&#8220;19px&#8220; background_size=&#8220;initial&#8220; background_position=&#8220;top_left&#8220; background_repeat=&#8220;repeat&#8220; text_orientation=&#8220;center&#8220; min_height=&#8220;278.6px&#8220; mix_blend_mode=&#8220;lighten&#8220; global_colors_info=&#8220;{}&#8220;]<\/p>\n<h4 style=\"text-align: center;\"><strong>sawadii ka<\/strong><\/h4>\n<p style=\"text-align: center;\"><strong>Herzlich Willkommen<\/strong><\/p>\n<p style=\"text-align: center;\"><strong><\/strong><\/p>\n<p style=\"text-align: center;\"><strong>Seit November 2021 Bieten wir ihnen im Herzen von Berghofen traditionelle Thai-Massage an.<\/strong><\/p>\n<p style=\"text-align: center;\"><strong>Die thail\u00e4ndische Bezeichnung hierf\u00fcr ist Nuat Phaen Boran was w\u00f6rtlich \u00fcbersetzt \u201eMassieren nach uraltem Muster\u201c bedeutet.<\/strong><\/p>\n<p style=\"text-align: center;\"><strong><span>Thaimassage ist eine traditionelle Massagetechnik, die aus Thailand stammt. Es ist eine Kombination aus Akupressur, Dehnung und Muskelkompression. Es wird oft als &#8222;Thai Yoga Massage&#8220; bezeichnet, weil der Masseur oder die Masseurin den K\u00f6rper des Empf\u00e4ngers in verschiedene Yoga-\u00e4hnliche Positionen bewegt.<\/span><\/strong><\/p>\n<p style=\"text-align: center;\"><span style=\"font-size: 19px;\">Thaimassage hat viele Vorteile, darunter Entspannung, Schmerzlinderung, verbesserte Beweglichkeit und Steigerung der Energie und des Wohlbefindens<\/span><\/p>\n<p style=\"text-align: center;\"><strong><\/strong><\/p>\n<p style=\"text-align: center;\"><strong>Berghofen ist unsere Heimat, so dass wir Wohnen und Arbeiten nun sehr gut verbinden k\u00f6nnen.<\/strong><\/p>\n<p style=\"text-align: center;\"><strong>Ausgebildet in Thailand und durch Jahre lange Erfahrung zuletzt selbst\u00e4ndig in Schwerte bieten wir ihnen ein Ort des Wohlbefindens und des Ausgleichs f\u00fcr K\u00f6rper, Geist und Seele.<\/strong><\/p>\n<p style=\"text-align: center;\"><strong>Wir bitten Sie ausdr\u00fccklich um eine Vorherige Telefonische Terminvereinbarung ein Spontaner Termin ist in der Regel nicht m\u00f6glich.<\/strong><\/p>\n<p style=\"text-align: center;\"><strong>Wir freuen uns auf ihren Besuch.&#8220;<\/strong><\/p>\n<p>&nbsp;<\/p>\n<p>&nbsp;<\/p>\n<p>&nbsp;<\/p>\n<p>&nbsp;<\/p>\n<p>&nbsp;<\/p>\n<p>&nbsp;<\/p>\n<p>&nbsp;<\/p>\n<p>&nbsp;<\/p>\n<p>&nbsp;<\/p>\n<p>&nbsp;<\/p>\n<p><!-- \/divi:paragraph -->[\/et_pb_text][\/et_pb_column][\/et_pb_row][\/et_pb_section]<\/p>\n","protected":false},"excerpt":{"rendered":"<p>sawadii ka Herzlich Willkommen Seit November 2021 Bieten wir ihnen im Herzen von Berghofen traditionelle Thai-Massage an. Die thail\u00e4ndische Bezeichnung hierf\u00fcr ist Nuat Phaen Boran was w\u00f6rtlich \u00fcbersetzt \u201eMassieren nach [&hellip;]<\/p>\n","protected":false},"author":1,"featured_media":0,"parent":0,"menu_order":0,"comment_status":"closed","ping_status":"closed","template":"","meta":{"_et_pb_use_builder":"on","_et_pb_old_content":"","_et_gb_content_width":"","footnotes":""},"class_list":["post-89","page","type-page","status-publish","hentry"],"_links":{"self":[{"href":"https:\/\/thaimassage-sielemann.de\/index.php?rest_route=\/wp\/v2\/pages\/89","targetHints":{"allow":["GET"]}}],"collection":[{"href":"https:\/\/thaimassage-sielemann.de\/index.php?rest_route=\/wp\/v2\/pages"}],"about":[{"href":"https:\/\/thaimassage-sielemann.de\/index.php?rest_route=\/wp\/v2\/types\/page"}],"author":[{"embeddable":true,"href":"https:\/\/thaimassage-sielemann.de\/index.php?rest_route=\/wp\/v2\/users\/1"}],"replies":[{"embeddable":true,"href":"https:\/\/thaimassage-sielemann.de\/index.php?rest_route=%2Fwp%2Fv2%2Fcomments&post=89"}],"version-history":[{"count":12,"href":"https:\/\/thaimassage-sielemann.de\/index.php?rest_route=\/wp\/v2\/pages\/89\/revisions"}],"predecessor-version":[{"id":234,"href":"https:\/\/thaimassage-sielemann.de\/index.php?rest_route=\/wp\/v2\/pages\/89\/revisions\/234"}],"wp:attachment":[{"href":"https:\/\/thaimassage-sielemann.de\/index.php?rest_route=%2Fwp%2Fv2%2Fmedia&parent=89"}],"curies":[{"name":"wp","href":"https:\/\/api.w.org\/{rel}","templated":true}]}}