{"id":182,"date":"2023-01-25T22:41:08","date_gmt":"2023-01-25T21:41:08","guid":{"rendered":"https:\/\/thaimassage-sielemann.de\/?page_id=182"},"modified":"2023-01-25T22:41:08","modified_gmt":"2023-01-25T21:41:08","slug":"hilft-thai-massage","status":"publish","type":"page","link":"https:\/\/thaimassage-sielemann.de\/?page_id=182","title":{"rendered":"Hilft Thai Massage?"},"content":{"rendered":"<p>[et_pb_section fb_built=&#8220;1&#8243; theme_builder_area=&#8220;post_content&#8220; _builder_version=&#8220;4.19.5&#8243; _module_preset=&#8220;default&#8220;][et_pb_row _builder_version=&#8220;4.19.5&#8243; _module_preset=&#8220;default&#8220; theme_builder_area=&#8220;post_content&#8220;][et_pb_column _builder_version=&#8220;4.19.5&#8243; _module_preset=&#8220;default&#8220; type=&#8220;4_4&#8243; theme_builder_area=&#8220;post_content&#8220;][et_pb_blurb title=&#8220;Hilft Thaimassage?&#8220; image=&#8220;http:\/\/thaimassage-sielemann.de\/wp-content\/uploads\/2022\/08\/cropped-Logo_Thai_Mio_final_kl.png&#8220; _builder_version=&#8220;4.19.5&#8243; _module_preset=&#8220;default&#8220; theme_builder_area=&#8220;post_content&#8220; title_text=&#8220;cropped-Logo_Thai_Mio_final_kl.png&#8220; header_text_color=&#8220;#000000&#8243; body_text_color=&#8220;#000000&#8243; hover_enabled=&#8220;0&#8243; sticky_enabled=&#8220;0&#8243;]<\/p>\n<p>Thaimassage kann bei bestimmten Schmerzen helfen, indem sie die Durchblutung f\u00f6rdert, die Muskeln entspannt und die Beweglichkeit verbessert. Einige Studien haben gezeigt, dass Thaimassage bei folgenden Schmerzen helfen kann:<\/p>\n<ul>\n<li>R\u00fcckenschmerzen: Thaimassage kann helfen, Muskelverspannungen und Schmerzen im unteren R\u00fcckenbereich zu l\u00f6sen und die Beweglichkeit zu verbessern.<\/li>\n<li>Nackenschmerzen: Thaimassage kann helfen, Muskelverspannungen im Nacken- und Schulterbereich zu l\u00f6sen, die oft mit Nackenschmerzen einhergehen.<\/li>\n<li>Kopfschmerzen: Thaimassage kann helfen, Migr\u00e4ne-Kopfschmerzen durch L\u00f6sung von Verspannungen im Nacken- und Schulterbereich zu lindern.<\/li>\n<li>Stress und Angst: Thaimassage kann helfen, Stress- und Angstzust\u00e4nde zu reduzieren, indem sie die Muskeln entspannt und das Wohlbefinden verbessert.<\/li>\n<\/ul>\n<p>Es ist jedoch wichtig zu beachten, dass Thaimassage nicht als Ersatz f\u00fcr medizinische Behandlungen betrachtet werden sollte und vorher eine \u00e4rztliche Beratung empfohlen wird, falls Schmerzen vorliegen.<\/p>\n<p>[\/et_pb_blurb][\/et_pb_column][\/et_pb_row][\/et_pb_section]<\/p>\n","protected":false},"excerpt":{"rendered":"<p>Thaimassage kann bei bestimmten Schmerzen helfen, indem sie die Durchblutung f\u00f6rdert, die Muskeln entspannt und die Beweglichkeit verbessert. Einige Studien haben gezeigt, dass Thaimassage bei folgenden Schmerzen helfen kann: R\u00fcckenschmerzen: [&hellip;]<\/p>\n","protected":false},"author":1,"featured_media":0,"parent":0,"menu_order":0,"comment_status":"closed","ping_status":"closed","template":"","meta":{"_et_pb_use_builder":"on","_et_pb_old_content":"","_et_gb_content_width":"","footnotes":""},"class_list":["post-182","page","type-page","status-publish","hentry"],"_links":{"self":[{"href":"https:\/\/thaimassage-sielemann.de\/index.php?rest_route=\/wp\/v2\/pages\/182","targetHints":{"allow":["GET"]}}],"collection":[{"href":"https:\/\/thaimassage-sielemann.de\/index.php?rest_route=\/wp\/v2\/pages"}],"about":[{"href":"https:\/\/thaimassage-sielemann.de\/index.php?rest_route=\/wp\/v2\/types\/page"}],"author":[{"embeddable":true,"href":"https:\/\/thaimassage-sielemann.de\/index.php?rest_route=\/wp\/v2\/users\/1"}],"replies":[{"embeddable":true,"href":"https:\/\/thaimassage-sielemann.de\/index.php?rest_route=%2Fwp%2Fv2%2Fcomments&post=182"}],"version-history":[{"count":2,"href":"https:\/\/thaimassage-sielemann.de\/index.php?rest_route=\/wp\/v2\/pages\/182\/revisions"}],"predecessor-version":[{"id":186,"href":"https:\/\/thaimassage-sielemann.de\/index.php?rest_route=\/wp\/v2\/pages\/182\/revisions\/186"}],"wp:attachment":[{"href":"https:\/\/thaimassage-sielemann.de\/index.php?rest_route=%2Fwp%2Fv2%2Fmedia&parent=182"}],"curies":[{"name":"wp","href":"https:\/\/api.w.org\/{rel}","templated":true}]}}